{"id":715,"date":"2022-11-06T09:52:29","date_gmt":"2022-11-06T08:52:29","guid":{"rendered":"https:\/\/www.salvestri.com\/site\/?post_type=product&#038;p=715"},"modified":"2024-12-01T18:46:39","modified_gmt":"2024-12-01T17:46:39","slug":"echarpes-foulards","status":"publish","type":"product","link":"https:\/\/www.salvestri.com\/site\/index.php\/produit\/echarpes-foulards\/","title":{"rendered":"Echarpes, foulards"},"content":{"rendered":"<p>\u00c9charpes, Foulards, Carr\u00e9s en soie, choix de coloris et imprim\u00e9s<\/p>\n","protected":false},"excerpt":{"rendered":"<p>\u00c9charpes, Foulards, Carr\u00e9s en soie, choix de coloris et imprim\u00e9s<\/p>\n","protected":false},"featured_media":706,"comment_status":"open","ping_status":"closed","template":"","meta":{"neve_meta_sidebar":"","neve_meta_container":"","neve_meta_enable_content_width":"off","neve_meta_content_width":70,"neve_meta_title_alignment":"","neve_meta_author_avatar":"","neve_post_elements_order":"","neve_meta_disable_header":"","neve_meta_disable_footer":"","neve_meta_disable_title":"","jetpack_publicize_message":"","jetpack_publicize_feature_enabled":true,"jetpack_social_post_already_shared":true,"jetpack_social_options":{"image_generator_settings":{"template":"highway","default_image_id":0,"font":"","enabled":false},"version":2}},"product_brand":[],"product_cat":[45],"product_tag":[],"class_list":{"0":"post-715","1":"product","2":"type-product","3":"status-publish","4":"has-post-thumbnail","6":"product_cat-echarpe","8":"first","9":"instock","10":"taxable","11":"shipping-taxable","12":"product-type-simple"},"yoast_head":"<!-- This site is optimized with the Yoast SEO plugin v27.4 - https:\/\/yoast.com\/product\/yoast-seo-wordpress\/ -->\n<title>Echarpes, foulards - V\u00eatements SALVESTRI Francois<\/title>\n<meta name=\"robots\" content=\"index, follow, max-snippet:-1, max-image-preview:large, max-video-preview:-1\" \/>\n<link rel=\"canonical\" href=\"https:\/\/www.salvestri.com\/site\/index.php\/produit\/echarpes-foulards\/\" \/>\n<meta property=\"og:locale\" content=\"fr_FR\" \/>\n<meta property=\"og:type\" content=\"article\" \/>\n<meta property=\"og:title\" content=\"Echarpes, foulards - V\u00eatements SALVESTRI Francois\" \/>\n<meta property=\"og:description\" content=\"\u00c9charpes, Foulards, Carr\u00e9s en soie, choix de coloris et imprim\u00e9s\" \/>\n<meta property=\"og:url\" content=\"https:\/\/www.salvestri.com\/site\/index.php\/produit\/echarpes-foulards\/\" \/>\n<meta property=\"og:site_name\" content=\"V\u00eatements SALVESTRI Francois\" \/>\n<meta property=\"article:modified_time\" content=\"2024-12-01T17:46:39+00:00\" \/>\n<meta property=\"og:image\" content=\"https:\/\/www.salvestri.com\/site\/wp-content\/uploads\/2022\/11\/AF12BAC9-798C-4C4C-A736-732A8C9AF160-scaled.jpeg\" \/>\n\t<meta property=\"og:image:width\" content=\"1920\" \/>\n\t<meta property=\"og:image:height\" content=\"2560\" \/>\n\t<meta property=\"og:image:type\" content=\"image\/jpeg\" \/>\n<meta name=\"twitter:card\" content=\"summary_large_image\" \/>\n<meta name=\"twitter:label1\" content=\"Dur\u00e9e de lecture estim\u00e9e\" \/>\n\t<meta name=\"twitter:data1\" content=\"1 minute\" \/>\n<script type=\"application\/ld+json\" class=\"yoast-schema-graph\">{\"@context\":\"https:\\\/\\\/schema.org\",\"@graph\":[{\"@type\":\"WebPage\",\"@id\":\"https:\\\/\\\/www.salvestri.com\\\/site\\\/index.php\\\/produit\\\/echarpes-foulards\\\/\",\"url\":\"https:\\\/\\\/www.salvestri.com\\\/site\\\/index.php\\\/produit\\\/echarpes-foulards\\\/\",\"name\":\"Echarpes, foulards - V\u00eatements SALVESTRI Francois\",\"isPartOf\":{\"@id\":\"https:\\\/\\\/www.salvestri.com\\\/site\\\/#website\"},\"primaryImageOfPage\":{\"@id\":\"https:\\\/\\\/www.salvestri.com\\\/site\\\/index.php\\\/produit\\\/echarpes-foulards\\\/#primaryimage\"},\"image\":{\"@id\":\"https:\\\/\\\/www.salvestri.com\\\/site\\\/index.php\\\/produit\\\/echarpes-foulards\\\/#primaryimage\"},\"thumbnailUrl\":\"https:\\\/\\\/i0.wp.com\\\/www.salvestri.com\\\/site\\\/wp-content\\\/uploads\\\/2022\\\/11\\\/AF12BAC9-798C-4C4C-A736-732A8C9AF160-scaled.jpeg?fit=1920%2C2560&ssl=1\",\"datePublished\":\"2022-11-06T08:52:29+00:00\",\"dateModified\":\"2024-12-01T17:46:39+00:00\",\"breadcrumb\":{\"@id\":\"https:\\\/\\\/www.salvestri.com\\\/site\\\/index.php\\\/produit\\\/echarpes-foulards\\\/#breadcrumb\"},\"inLanguage\":\"fr-FR\",\"potentialAction\":[{\"@type\":\"ReadAction\",\"target\":[\"https:\\\/\\\/www.salvestri.com\\\/site\\\/index.php\\\/produit\\\/echarpes-foulards\\\/\"]}]},{\"@type\":\"ImageObject\",\"inLanguage\":\"fr-FR\",\"@id\":\"https:\\\/\\\/www.salvestri.com\\\/site\\\/index.php\\\/produit\\\/echarpes-foulards\\\/#primaryimage\",\"url\":\"https:\\\/\\\/i0.wp.com\\\/www.salvestri.com\\\/site\\\/wp-content\\\/uploads\\\/2022\\\/11\\\/AF12BAC9-798C-4C4C-A736-732A8C9AF160-scaled.jpeg?fit=1920%2C2560&ssl=1\",\"contentUrl\":\"https:\\\/\\\/i0.wp.com\\\/www.salvestri.com\\\/site\\\/wp-content\\\/uploads\\\/2022\\\/11\\\/AF12BAC9-798C-4C4C-A736-732A8C9AF160-scaled.jpeg?fit=1920%2C2560&ssl=1\",\"width\":1920,\"height\":2560},{\"@type\":\"BreadcrumbList\",\"@id\":\"https:\\\/\\\/www.salvestri.com\\\/site\\\/index.php\\\/produit\\\/echarpes-foulards\\\/#breadcrumb\",\"itemListElement\":[{\"@type\":\"ListItem\",\"position\":1,\"name\":\"Accueil\",\"item\":\"https:\\\/\\\/www.salvestri.com\\\/site\\\/\"},{\"@type\":\"ListItem\",\"position\":2,\"name\":\"Shop\",\"item\":\"https:\\\/\\\/www.salvestri.com\\\/site\\\/index.php\\\/3669a-shop\\\/\"},{\"@type\":\"ListItem\",\"position\":3,\"name\":\"Echarpes, foulards\"}]},{\"@type\":\"WebSite\",\"@id\":\"https:\\\/\\\/www.salvestri.com\\\/site\\\/#website\",\"url\":\"https:\\\/\\\/www.salvestri.com\\\/site\\\/\",\"name\":\"V\u00eatements SALVESTRI Francois\",\"description\":\"Le V\u00eatement \u00c9l\u00e9gant\",\"potentialAction\":[{\"@type\":\"SearchAction\",\"target\":{\"@type\":\"EntryPoint\",\"urlTemplate\":\"https:\\\/\\\/www.salvestri.com\\\/site\\\/?s={search_term_string}\"},\"query-input\":{\"@type\":\"PropertyValueSpecification\",\"valueRequired\":true,\"valueName\":\"search_term_string\"}}],\"inLanguage\":\"fr-FR\"}]}<\/script>\n<!-- \/ Yoast SEO plugin. -->","yoast_head_json":{"title":"Echarpes, foulards - V\u00eatements SALVESTRI Francois","robots":{"index":"index","follow":"follow","max-snippet":"max-snippet:-1","max-image-preview":"max-image-preview:large","max-video-preview":"max-video-preview:-1"},"canonical":"https:\/\/www.salvestri.com\/site\/index.php\/produit\/echarpes-foulards\/","og_locale":"fr_FR","og_type":"article","og_title":"Echarpes, foulards - V\u00eatements SALVESTRI Francois","og_description":"\u00c9charpes, Foulards, Carr\u00e9s en soie, choix de coloris et imprim\u00e9s","og_url":"https:\/\/www.salvestri.com\/site\/index.php\/produit\/echarpes-foulards\/","og_site_name":"V\u00eatements SALVESTRI Francois","article_modified_time":"2024-12-01T17:46:39+00:00","og_image":[{"width":1920,"height":2560,"url":"https:\/\/www.salvestri.com\/site\/wp-content\/uploads\/2022\/11\/AF12BAC9-798C-4C4C-A736-732A8C9AF160-scaled.jpeg","type":"image\/jpeg"}],"twitter_card":"summary_large_image","twitter_misc":{"Dur\u00e9e de lecture estim\u00e9e":"1 minute"},"schema":{"@context":"https:\/\/schema.org","@graph":[{"@type":"WebPage","@id":"https:\/\/www.salvestri.com\/site\/index.php\/produit\/echarpes-foulards\/","url":"https:\/\/www.salvestri.com\/site\/index.php\/produit\/echarpes-foulards\/","name":"Echarpes, foulards - V\u00eatements SALVESTRI Francois","isPartOf":{"@id":"https:\/\/www.salvestri.com\/site\/#website"},"primaryImageOfPage":{"@id":"https:\/\/www.salvestri.com\/site\/index.php\/produit\/echarpes-foulards\/#primaryimage"},"image":{"@id":"https:\/\/www.salvestri.com\/site\/index.php\/produit\/echarpes-foulards\/#primaryimage"},"thumbnailUrl":"https:\/\/i0.wp.com\/www.salvestri.com\/site\/wp-content\/uploads\/2022\/11\/AF12BAC9-798C-4C4C-A736-732A8C9AF160-scaled.jpeg?fit=1920%2C2560&ssl=1","datePublished":"2022-11-06T08:52:29+00:00","dateModified":"2024-12-01T17:46:39+00:00","breadcrumb":{"@id":"https:\/\/www.salvestri.com\/site\/index.php\/produit\/echarpes-foulards\/#breadcrumb"},"inLanguage":"fr-FR","potentialAction":[{"@type":"ReadAction","target":["https:\/\/www.salvestri.com\/site\/index.php\/produit\/echarpes-foulards\/"]}]},{"@type":"ImageObject","inLanguage":"fr-FR","@id":"https:\/\/www.salvestri.com\/site\/index.php\/produit\/echarpes-foulards\/#primaryimage","url":"https:\/\/i0.wp.com\/www.salvestri.com\/site\/wp-content\/uploads\/2022\/11\/AF12BAC9-798C-4C4C-A736-732A8C9AF160-scaled.jpeg?fit=1920%2C2560&ssl=1","contentUrl":"https:\/\/i0.wp.com\/www.salvestri.com\/site\/wp-content\/uploads\/2022\/11\/AF12BAC9-798C-4C4C-A736-732A8C9AF160-scaled.jpeg?fit=1920%2C2560&ssl=1","width":1920,"height":2560},{"@type":"BreadcrumbList","@id":"https:\/\/www.salvestri.com\/site\/index.php\/produit\/echarpes-foulards\/#breadcrumb","itemListElement":[{"@type":"ListItem","position":1,"name":"Accueil","item":"https:\/\/www.salvestri.com\/site\/"},{"@type":"ListItem","position":2,"name":"Shop","item":"https:\/\/www.salvestri.com\/site\/index.php\/3669a-shop\/"},{"@type":"ListItem","position":3,"name":"Echarpes, foulards"}]},{"@type":"WebSite","@id":"https:\/\/www.salvestri.com\/site\/#website","url":"https:\/\/www.salvestri.com\/site\/","name":"V\u00eatements SALVESTRI Francois","description":"Le V\u00eatement \u00c9l\u00e9gant","potentialAction":[{"@type":"SearchAction","target":{"@type":"EntryPoint","urlTemplate":"https:\/\/www.salvestri.com\/site\/?s={search_term_string}"},"query-input":{"@type":"PropertyValueSpecification","valueRequired":true,"valueName":"search_term_string"}}],"inLanguage":"fr-FR"}]}},"jetpack_publicize_connections":[],"jetpack_sharing_enabled":true,"jetpack_likes_enabled":false,"_links":{"self":[{"href":"https:\/\/www.salvestri.com\/site\/index.php\/wp-json\/wp\/v2\/product\/715","targetHints":{"allow":["GET"]}}],"collection":[{"href":"https:\/\/www.salvestri.com\/site\/index.php\/wp-json\/wp\/v2\/product"}],"about":[{"href":"https:\/\/www.salvestri.com\/site\/index.php\/wp-json\/wp\/v2\/types\/product"}],"replies":[{"embeddable":true,"href":"https:\/\/www.salvestri.com\/site\/index.php\/wp-json\/wp\/v2\/comments?post=715"}],"wp:featuredmedia":[{"embeddable":true,"href":"https:\/\/www.salvestri.com\/site\/index.php\/wp-json\/wp\/v2\/media\/706"}],"wp:attachment":[{"href":"https:\/\/www.salvestri.com\/site\/index.php\/wp-json\/wp\/v2\/media?parent=715"}],"wp:term":[{"taxonomy":"product_brand","embeddable":true,"href":"https:\/\/www.salvestri.com\/site\/index.php\/wp-json\/wp\/v2\/product_brand?post=715"},{"taxonomy":"product_cat","embeddable":true,"href":"https:\/\/www.salvestri.com\/site\/index.php\/wp-json\/wp\/v2\/product_cat?post=715"},{"taxonomy":"product_tag","embeddable":true,"href":"https:\/\/www.salvestri.com\/site\/index.php\/wp-json\/wp\/v2\/product_tag?post=715"}],"curies":[{"name":"wp","href":"https:\/\/api.w.org\/{rel}","templated":true}]}}