{"id":667,"date":"2022-07-24T11:19:32","date_gmt":"2022-07-24T09:19:32","guid":{"rendered":"https:\/\/www.salvestri.com\/site\/?post_type=product&#038;p=667"},"modified":"2024-12-01T18:48:38","modified_gmt":"2024-12-01T17:48:38","slug":"t-shirt-48300","status":"publish","type":"product","link":"https:\/\/www.salvestri.com\/site\/index.php\/produit\/t-shirt-48300\/","title":{"rendered":"T-Shirt 48300 logo vintage"},"content":{"rendered":"<p>T-Shirt 48300<\/p>\n","protected":false},"excerpt":{"rendered":"<p>T-Shirt 48300<\/p>\n","protected":false},"featured_media":663,"comment_status":"open","ping_status":"closed","template":"","meta":{"neve_meta_sidebar":"","neve_meta_container":"","neve_meta_enable_content_width":"off","neve_meta_content_width":70,"neve_meta_title_alignment":"","neve_meta_author_avatar":"","neve_post_elements_order":"","neve_meta_disable_header":"","neve_meta_disable_footer":"","neve_meta_disable_title":"","jetpack_publicize_message":"","jetpack_publicize_feature_enabled":true,"jetpack_social_post_already_shared":true,"jetpack_social_options":{"image_generator_settings":{"template":"highway","default_image_id":0,"font":"","enabled":false},"version":2}},"product_brand":[],"product_cat":[20],"product_tag":[],"class_list":{"0":"post-667","1":"product","2":"type-product","3":"status-publish","4":"has-post-thumbnail","6":"product_cat-tshirt","8":"first","9":"instock","10":"taxable","11":"shipping-taxable","12":"product-type-simple"},"yoast_head":"<!-- This site is optimized with the Yoast SEO plugin v27.5 - https:\/\/yoast.com\/product\/yoast-seo-wordpress\/ -->\n<title>T-Shirt 48300 logo vintage - V\u00eatements SALVESTRI Francois<\/title>\n<meta name=\"description\" content=\"T-Shirt 48300 langogne logo vintage\" \/>\n<meta name=\"robots\" content=\"index, follow, max-snippet:-1, max-image-preview:large, max-video-preview:-1\" \/>\n<link rel=\"canonical\" href=\"https:\/\/www.salvestri.com\/site\/index.php\/produit\/t-shirt-48300\/\" \/>\n<meta property=\"og:locale\" content=\"fr_FR\" \/>\n<meta property=\"og:type\" content=\"article\" \/>\n<meta property=\"og:title\" content=\"T-Shirt 48300 logo vintage - V\u00eatements SALVESTRI Francois\" \/>\n<meta property=\"og:description\" content=\"T-Shirt 48300 langogne logo vintage\" \/>\n<meta property=\"og:url\" content=\"https:\/\/www.salvestri.com\/site\/index.php\/produit\/t-shirt-48300\/\" \/>\n<meta property=\"og:site_name\" content=\"V\u00eatements SALVESTRI Francois\" \/>\n<meta property=\"article:modified_time\" content=\"2024-12-01T17:48:38+00:00\" \/>\n<meta property=\"og:image\" content=\"https:\/\/www.salvestri.com\/site\/wp-content\/uploads\/2022\/07\/DE6C341C-3BD7-4D1A-A745-E7941AA947F7.webp\" \/>\n\t<meta property=\"og:image:width\" content=\"1365\" \/>\n\t<meta property=\"og:image:height\" content=\"2048\" \/>\n\t<meta property=\"og:image:type\" content=\"image\/webp\" \/>\n<meta name=\"twitter:card\" content=\"summary_large_image\" \/>\n<meta name=\"twitter:label1\" content=\"Dur\u00e9e de lecture estim\u00e9e\" \/>\n\t<meta name=\"twitter:data1\" content=\"1 minute\" \/>\n<script type=\"application\/ld+json\" class=\"yoast-schema-graph\">{\"@context\":\"https:\\\/\\\/schema.org\",\"@graph\":[{\"@type\":\"WebPage\",\"@id\":\"https:\\\/\\\/www.salvestri.com\\\/site\\\/index.php\\\/produit\\\/t-shirt-48300\\\/\",\"url\":\"https:\\\/\\\/www.salvestri.com\\\/site\\\/index.php\\\/produit\\\/t-shirt-48300\\\/\",\"name\":\"T-Shirt 48300 logo vintage - V\u00eatements SALVESTRI Francois\",\"isPartOf\":{\"@id\":\"https:\\\/\\\/www.salvestri.com\\\/site\\\/#website\"},\"primaryImageOfPage\":{\"@id\":\"https:\\\/\\\/www.salvestri.com\\\/site\\\/index.php\\\/produit\\\/t-shirt-48300\\\/#primaryimage\"},\"image\":{\"@id\":\"https:\\\/\\\/www.salvestri.com\\\/site\\\/index.php\\\/produit\\\/t-shirt-48300\\\/#primaryimage\"},\"thumbnailUrl\":\"https:\\\/\\\/i0.wp.com\\\/www.salvestri.com\\\/site\\\/wp-content\\\/uploads\\\/2022\\\/07\\\/DE6C341C-3BD7-4D1A-A745-E7941AA947F7.webp?fit=1365%2C2048&ssl=1\",\"datePublished\":\"2022-07-24T09:19:32+00:00\",\"dateModified\":\"2024-12-01T17:48:38+00:00\",\"description\":\"T-Shirt 48300 langogne logo vintage\",\"breadcrumb\":{\"@id\":\"https:\\\/\\\/www.salvestri.com\\\/site\\\/index.php\\\/produit\\\/t-shirt-48300\\\/#breadcrumb\"},\"inLanguage\":\"fr-FR\",\"potentialAction\":[{\"@type\":\"ReadAction\",\"target\":[\"https:\\\/\\\/www.salvestri.com\\\/site\\\/index.php\\\/produit\\\/t-shirt-48300\\\/\"]}]},{\"@type\":\"ImageObject\",\"inLanguage\":\"fr-FR\",\"@id\":\"https:\\\/\\\/www.salvestri.com\\\/site\\\/index.php\\\/produit\\\/t-shirt-48300\\\/#primaryimage\",\"url\":\"https:\\\/\\\/i0.wp.com\\\/www.salvestri.com\\\/site\\\/wp-content\\\/uploads\\\/2022\\\/07\\\/DE6C341C-3BD7-4D1A-A745-E7941AA947F7.webp?fit=1365%2C2048&ssl=1\",\"contentUrl\":\"https:\\\/\\\/i0.wp.com\\\/www.salvestri.com\\\/site\\\/wp-content\\\/uploads\\\/2022\\\/07\\\/DE6C341C-3BD7-4D1A-A745-E7941AA947F7.webp?fit=1365%2C2048&ssl=1\",\"width\":1365,\"height\":2048},{\"@type\":\"BreadcrumbList\",\"@id\":\"https:\\\/\\\/www.salvestri.com\\\/site\\\/index.php\\\/produit\\\/t-shirt-48300\\\/#breadcrumb\",\"itemListElement\":[{\"@type\":\"ListItem\",\"position\":1,\"name\":\"Accueil\",\"item\":\"https:\\\/\\\/www.salvestri.com\\\/site\\\/\"},{\"@type\":\"ListItem\",\"position\":2,\"name\":\"Shop\",\"item\":\"https:\\\/\\\/www.salvestri.com\\\/site\\\/index.php\\\/3669a-shop\\\/\"},{\"@type\":\"ListItem\",\"position\":3,\"name\":\"T-Shirt 48300 logo vintage\"}]},{\"@type\":\"WebSite\",\"@id\":\"https:\\\/\\\/www.salvestri.com\\\/site\\\/#website\",\"url\":\"https:\\\/\\\/www.salvestri.com\\\/site\\\/\",\"name\":\"V\u00eatements SALVESTRI Francois\",\"description\":\"Le V\u00eatement \u00c9l\u00e9gant\",\"potentialAction\":[{\"@type\":\"SearchAction\",\"target\":{\"@type\":\"EntryPoint\",\"urlTemplate\":\"https:\\\/\\\/www.salvestri.com\\\/site\\\/?s={search_term_string}\"},\"query-input\":{\"@type\":\"PropertyValueSpecification\",\"valueRequired\":true,\"valueName\":\"search_term_string\"}}],\"inLanguage\":\"fr-FR\"}]}<\/script>\n<!-- \/ Yoast SEO plugin. -->","yoast_head_json":{"title":"T-Shirt 48300 logo vintage - V\u00eatements SALVESTRI Francois","description":"T-Shirt 48300 langogne logo vintage","robots":{"index":"index","follow":"follow","max-snippet":"max-snippet:-1","max-image-preview":"max-image-preview:large","max-video-preview":"max-video-preview:-1"},"canonical":"https:\/\/www.salvestri.com\/site\/index.php\/produit\/t-shirt-48300\/","og_locale":"fr_FR","og_type":"article","og_title":"T-Shirt 48300 logo vintage - V\u00eatements SALVESTRI Francois","og_description":"T-Shirt 48300 langogne logo vintage","og_url":"https:\/\/www.salvestri.com\/site\/index.php\/produit\/t-shirt-48300\/","og_site_name":"V\u00eatements SALVESTRI Francois","article_modified_time":"2024-12-01T17:48:38+00:00","og_image":[{"width":1365,"height":2048,"url":"https:\/\/www.salvestri.com\/site\/wp-content\/uploads\/2022\/07\/DE6C341C-3BD7-4D1A-A745-E7941AA947F7.webp","type":"image\/webp"}],"twitter_card":"summary_large_image","twitter_misc":{"Dur\u00e9e de lecture estim\u00e9e":"1 minute"},"schema":{"@context":"https:\/\/schema.org","@graph":[{"@type":"WebPage","@id":"https:\/\/www.salvestri.com\/site\/index.php\/produit\/t-shirt-48300\/","url":"https:\/\/www.salvestri.com\/site\/index.php\/produit\/t-shirt-48300\/","name":"T-Shirt 48300 logo vintage - V\u00eatements SALVESTRI Francois","isPartOf":{"@id":"https:\/\/www.salvestri.com\/site\/#website"},"primaryImageOfPage":{"@id":"https:\/\/www.salvestri.com\/site\/index.php\/produit\/t-shirt-48300\/#primaryimage"},"image":{"@id":"https:\/\/www.salvestri.com\/site\/index.php\/produit\/t-shirt-48300\/#primaryimage"},"thumbnailUrl":"https:\/\/i0.wp.com\/www.salvestri.com\/site\/wp-content\/uploads\/2022\/07\/DE6C341C-3BD7-4D1A-A745-E7941AA947F7.webp?fit=1365%2C2048&ssl=1","datePublished":"2022-07-24T09:19:32+00:00","dateModified":"2024-12-01T17:48:38+00:00","description":"T-Shirt 48300 langogne logo vintage","breadcrumb":{"@id":"https:\/\/www.salvestri.com\/site\/index.php\/produit\/t-shirt-48300\/#breadcrumb"},"inLanguage":"fr-FR","potentialAction":[{"@type":"ReadAction","target":["https:\/\/www.salvestri.com\/site\/index.php\/produit\/t-shirt-48300\/"]}]},{"@type":"ImageObject","inLanguage":"fr-FR","@id":"https:\/\/www.salvestri.com\/site\/index.php\/produit\/t-shirt-48300\/#primaryimage","url":"https:\/\/i0.wp.com\/www.salvestri.com\/site\/wp-content\/uploads\/2022\/07\/DE6C341C-3BD7-4D1A-A745-E7941AA947F7.webp?fit=1365%2C2048&ssl=1","contentUrl":"https:\/\/i0.wp.com\/www.salvestri.com\/site\/wp-content\/uploads\/2022\/07\/DE6C341C-3BD7-4D1A-A745-E7941AA947F7.webp?fit=1365%2C2048&ssl=1","width":1365,"height":2048},{"@type":"BreadcrumbList","@id":"https:\/\/www.salvestri.com\/site\/index.php\/produit\/t-shirt-48300\/#breadcrumb","itemListElement":[{"@type":"ListItem","position":1,"name":"Accueil","item":"https:\/\/www.salvestri.com\/site\/"},{"@type":"ListItem","position":2,"name":"Shop","item":"https:\/\/www.salvestri.com\/site\/index.php\/3669a-shop\/"},{"@type":"ListItem","position":3,"name":"T-Shirt 48300 logo vintage"}]},{"@type":"WebSite","@id":"https:\/\/www.salvestri.com\/site\/#website","url":"https:\/\/www.salvestri.com\/site\/","name":"V\u00eatements SALVESTRI Francois","description":"Le V\u00eatement \u00c9l\u00e9gant","potentialAction":[{"@type":"SearchAction","target":{"@type":"EntryPoint","urlTemplate":"https:\/\/www.salvestri.com\/site\/?s={search_term_string}"},"query-input":{"@type":"PropertyValueSpecification","valueRequired":true,"valueName":"search_term_string"}}],"inLanguage":"fr-FR"}]}},"jetpack_publicize_connections":[],"jetpack_sharing_enabled":true,"jetpack_likes_enabled":false,"_links":{"self":[{"href":"https:\/\/www.salvestri.com\/site\/index.php\/wp-json\/wp\/v2\/product\/667","targetHints":{"allow":["GET"]}}],"collection":[{"href":"https:\/\/www.salvestri.com\/site\/index.php\/wp-json\/wp\/v2\/product"}],"about":[{"href":"https:\/\/www.salvestri.com\/site\/index.php\/wp-json\/wp\/v2\/types\/product"}],"replies":[{"embeddable":true,"href":"https:\/\/www.salvestri.com\/site\/index.php\/wp-json\/wp\/v2\/comments?post=667"}],"wp:featuredmedia":[{"embeddable":true,"href":"https:\/\/www.salvestri.com\/site\/index.php\/wp-json\/wp\/v2\/media\/663"}],"wp:attachment":[{"href":"https:\/\/www.salvestri.com\/site\/index.php\/wp-json\/wp\/v2\/media?parent=667"}],"wp:term":[{"taxonomy":"product_brand","embeddable":true,"href":"https:\/\/www.salvestri.com\/site\/index.php\/wp-json\/wp\/v2\/product_brand?post=667"},{"taxonomy":"product_cat","embeddable":true,"href":"https:\/\/www.salvestri.com\/site\/index.php\/wp-json\/wp\/v2\/product_cat?post=667"},{"taxonomy":"product_tag","embeddable":true,"href":"https:\/\/www.salvestri.com\/site\/index.php\/wp-json\/wp\/v2\/product_tag?post=667"}],"curies":[{"name":"wp","href":"https:\/\/api.w.org\/{rel}","templated":true}]}}