{"id":393,"date":"2020-11-08T23:46:00","date_gmt":"2020-11-08T22:46:00","guid":{"rendered":"https:\/\/www.salvestri.com\/site\/?post_type=product&#038;p=393"},"modified":"2020-11-11T19:10:43","modified_gmt":"2020-11-11T18:10:43","slug":"pull-100-laine-berthe-aux-grands-pieds","status":"publish","type":"product","link":"https:\/\/www.salvestri.com\/site\/index.php\/produit\/pull-100-laine-berthe-aux-grands-pieds\/","title":{"rendered":"Pull 100% laine Berthe aux grands pieds"},"content":{"rendered":"<p>Pull fabrication fran\u00e7aise, coudi\u00e8res fantaisies.<\/p>\n<p>Existe en rouge.<\/p>\n","protected":false},"excerpt":{"rendered":"<p>Pull fabrication fran\u00e7aise, coudi\u00e8res fantaisies. Existe en rouge.<\/p>\n","protected":false},"featured_media":389,"comment_status":"open","ping_status":"closed","template":"","meta":{"neve_meta_sidebar":"","neve_meta_container":"","neve_meta_enable_content_width":"off","neve_meta_content_width":0,"neve_meta_title_alignment":"","neve_meta_author_avatar":"","neve_post_elements_order":"","neve_meta_disable_header":"","neve_meta_disable_footer":"","neve_meta_disable_title":"","jetpack_publicize_message":"","jetpack_publicize_feature_enabled":true,"jetpack_social_post_already_shared":false,"jetpack_social_options":{"image_generator_settings":{"template":"highway","default_image_id":0,"font":"","enabled":false},"version":2}},"product_brand":[],"product_cat":[38,42],"product_tag":[],"class_list":{"0":"post-393","1":"product","2":"type-product","3":"status-publish","4":"has-post-thumbnail","6":"product_cat-femme","7":"product_cat-pull","9":"first","10":"instock","11":"taxable","12":"shipping-taxable","13":"purchasable","14":"product-type-simple"},"yoast_head":"<!-- This site is optimized with the Yoast SEO plugin v27.4 - https:\/\/yoast.com\/product\/yoast-seo-wordpress\/ -->\n<title>Pull 100% laine Berthe aux grands pieds - V\u00eatements SALVESTRI Francois<\/title>\n<meta name=\"robots\" content=\"index, follow, max-snippet:-1, max-image-preview:large, max-video-preview:-1\" \/>\n<link rel=\"canonical\" href=\"https:\/\/www.salvestri.com\/site\/index.php\/produit\/pull-100-laine-berthe-aux-grands-pieds\/\" \/>\n<meta property=\"og:locale\" content=\"fr_FR\" \/>\n<meta property=\"og:type\" content=\"article\" \/>\n<meta property=\"og:title\" content=\"Pull 100% laine Berthe aux grands pieds - V\u00eatements SALVESTRI Francois\" \/>\n<meta property=\"og:description\" content=\"Pull fabrication fran\u00e7aise, coudi\u00e8res fantaisies. Existe en rouge.\" \/>\n<meta property=\"og:url\" content=\"https:\/\/www.salvestri.com\/site\/index.php\/produit\/pull-100-laine-berthe-aux-grands-pieds\/\" \/>\n<meta property=\"og:site_name\" content=\"V\u00eatements SALVESTRI Francois\" \/>\n<meta property=\"article:modified_time\" content=\"2020-11-11T18:10:43+00:00\" \/>\n<meta property=\"og:image\" content=\"https:\/\/i0.wp.com\/www.salvestri.com\/site\/wp-content\/uploads\/2020\/11\/E6A51A84-DD29-4F8E-BA3C-A0B26EF09169.jpeg?fit=2048%2C1536&ssl=1\" \/>\n\t<meta property=\"og:image:width\" content=\"2048\" \/>\n\t<meta property=\"og:image:height\" content=\"1536\" \/>\n\t<meta property=\"og:image:type\" content=\"image\/jpeg\" \/>\n<meta name=\"twitter:card\" content=\"summary_large_image\" \/>\n<script type=\"application\/ld+json\" class=\"yoast-schema-graph\">{\"@context\":\"https:\\\/\\\/schema.org\",\"@graph\":[{\"@type\":\"WebPage\",\"@id\":\"https:\\\/\\\/www.salvestri.com\\\/site\\\/index.php\\\/produit\\\/pull-100-laine-berthe-aux-grands-pieds\\\/\",\"url\":\"https:\\\/\\\/www.salvestri.com\\\/site\\\/index.php\\\/produit\\\/pull-100-laine-berthe-aux-grands-pieds\\\/\",\"name\":\"Pull 100% laine Berthe aux grands pieds - V\u00eatements SALVESTRI Francois\",\"isPartOf\":{\"@id\":\"https:\\\/\\\/www.salvestri.com\\\/site\\\/#website\"},\"primaryImageOfPage\":{\"@id\":\"https:\\\/\\\/www.salvestri.com\\\/site\\\/index.php\\\/produit\\\/pull-100-laine-berthe-aux-grands-pieds\\\/#primaryimage\"},\"image\":{\"@id\":\"https:\\\/\\\/www.salvestri.com\\\/site\\\/index.php\\\/produit\\\/pull-100-laine-berthe-aux-grands-pieds\\\/#primaryimage\"},\"thumbnailUrl\":\"https:\\\/\\\/i0.wp.com\\\/www.salvestri.com\\\/site\\\/wp-content\\\/uploads\\\/2020\\\/11\\\/E6A51A84-DD29-4F8E-BA3C-A0B26EF09169.jpeg?fit=2048%2C1536&ssl=1\",\"datePublished\":\"2020-11-08T22:46:00+00:00\",\"dateModified\":\"2020-11-11T18:10:43+00:00\",\"breadcrumb\":{\"@id\":\"https:\\\/\\\/www.salvestri.com\\\/site\\\/index.php\\\/produit\\\/pull-100-laine-berthe-aux-grands-pieds\\\/#breadcrumb\"},\"inLanguage\":\"fr-FR\",\"potentialAction\":[{\"@type\":\"ReadAction\",\"target\":[\"https:\\\/\\\/www.salvestri.com\\\/site\\\/index.php\\\/produit\\\/pull-100-laine-berthe-aux-grands-pieds\\\/\"]}]},{\"@type\":\"ImageObject\",\"inLanguage\":\"fr-FR\",\"@id\":\"https:\\\/\\\/www.salvestri.com\\\/site\\\/index.php\\\/produit\\\/pull-100-laine-berthe-aux-grands-pieds\\\/#primaryimage\",\"url\":\"https:\\\/\\\/i0.wp.com\\\/www.salvestri.com\\\/site\\\/wp-content\\\/uploads\\\/2020\\\/11\\\/E6A51A84-DD29-4F8E-BA3C-A0B26EF09169.jpeg?fit=2048%2C1536&ssl=1\",\"contentUrl\":\"https:\\\/\\\/i0.wp.com\\\/www.salvestri.com\\\/site\\\/wp-content\\\/uploads\\\/2020\\\/11\\\/E6A51A84-DD29-4F8E-BA3C-A0B26EF09169.jpeg?fit=2048%2C1536&ssl=1\",\"width\":2048,\"height\":1536},{\"@type\":\"BreadcrumbList\",\"@id\":\"https:\\\/\\\/www.salvestri.com\\\/site\\\/index.php\\\/produit\\\/pull-100-laine-berthe-aux-grands-pieds\\\/#breadcrumb\",\"itemListElement\":[{\"@type\":\"ListItem\",\"position\":1,\"name\":\"Accueil\",\"item\":\"https:\\\/\\\/www.salvestri.com\\\/site\\\/\"},{\"@type\":\"ListItem\",\"position\":2,\"name\":\"Shop\",\"item\":\"https:\\\/\\\/www.salvestri.com\\\/site\\\/index.php\\\/3669a-shop\\\/\"},{\"@type\":\"ListItem\",\"position\":3,\"name\":\"Pull 100% laine Berthe aux grands pieds\"}]},{\"@type\":\"WebSite\",\"@id\":\"https:\\\/\\\/www.salvestri.com\\\/site\\\/#website\",\"url\":\"https:\\\/\\\/www.salvestri.com\\\/site\\\/\",\"name\":\"V\u00eatements SALVESTRI Francois\",\"description\":\"Le V\u00eatement \u00c9l\u00e9gant\",\"potentialAction\":[{\"@type\":\"SearchAction\",\"target\":{\"@type\":\"EntryPoint\",\"urlTemplate\":\"https:\\\/\\\/www.salvestri.com\\\/site\\\/?s={search_term_string}\"},\"query-input\":{\"@type\":\"PropertyValueSpecification\",\"valueRequired\":true,\"valueName\":\"search_term_string\"}}],\"inLanguage\":\"fr-FR\"}]}<\/script>\n<!-- \/ Yoast SEO plugin. -->","yoast_head_json":{"title":"Pull 100% laine Berthe aux grands pieds - V\u00eatements SALVESTRI Francois","robots":{"index":"index","follow":"follow","max-snippet":"max-snippet:-1","max-image-preview":"max-image-preview:large","max-video-preview":"max-video-preview:-1"},"canonical":"https:\/\/www.salvestri.com\/site\/index.php\/produit\/pull-100-laine-berthe-aux-grands-pieds\/","og_locale":"fr_FR","og_type":"article","og_title":"Pull 100% laine Berthe aux grands pieds - V\u00eatements SALVESTRI Francois","og_description":"Pull fabrication fran\u00e7aise, coudi\u00e8res fantaisies. Existe en rouge.","og_url":"https:\/\/www.salvestri.com\/site\/index.php\/produit\/pull-100-laine-berthe-aux-grands-pieds\/","og_site_name":"V\u00eatements SALVESTRI Francois","article_modified_time":"2020-11-11T18:10:43+00:00","og_image":[{"width":2048,"height":1536,"url":"https:\/\/i0.wp.com\/www.salvestri.com\/site\/wp-content\/uploads\/2020\/11\/E6A51A84-DD29-4F8E-BA3C-A0B26EF09169.jpeg?fit=2048%2C1536&ssl=1","type":"image\/jpeg"}],"twitter_card":"summary_large_image","schema":{"@context":"https:\/\/schema.org","@graph":[{"@type":"WebPage","@id":"https:\/\/www.salvestri.com\/site\/index.php\/produit\/pull-100-laine-berthe-aux-grands-pieds\/","url":"https:\/\/www.salvestri.com\/site\/index.php\/produit\/pull-100-laine-berthe-aux-grands-pieds\/","name":"Pull 100% laine Berthe aux grands pieds - V\u00eatements SALVESTRI Francois","isPartOf":{"@id":"https:\/\/www.salvestri.com\/site\/#website"},"primaryImageOfPage":{"@id":"https:\/\/www.salvestri.com\/site\/index.php\/produit\/pull-100-laine-berthe-aux-grands-pieds\/#primaryimage"},"image":{"@id":"https:\/\/www.salvestri.com\/site\/index.php\/produit\/pull-100-laine-berthe-aux-grands-pieds\/#primaryimage"},"thumbnailUrl":"https:\/\/i0.wp.com\/www.salvestri.com\/site\/wp-content\/uploads\/2020\/11\/E6A51A84-DD29-4F8E-BA3C-A0B26EF09169.jpeg?fit=2048%2C1536&ssl=1","datePublished":"2020-11-08T22:46:00+00:00","dateModified":"2020-11-11T18:10:43+00:00","breadcrumb":{"@id":"https:\/\/www.salvestri.com\/site\/index.php\/produit\/pull-100-laine-berthe-aux-grands-pieds\/#breadcrumb"},"inLanguage":"fr-FR","potentialAction":[{"@type":"ReadAction","target":["https:\/\/www.salvestri.com\/site\/index.php\/produit\/pull-100-laine-berthe-aux-grands-pieds\/"]}]},{"@type":"ImageObject","inLanguage":"fr-FR","@id":"https:\/\/www.salvestri.com\/site\/index.php\/produit\/pull-100-laine-berthe-aux-grands-pieds\/#primaryimage","url":"https:\/\/i0.wp.com\/www.salvestri.com\/site\/wp-content\/uploads\/2020\/11\/E6A51A84-DD29-4F8E-BA3C-A0B26EF09169.jpeg?fit=2048%2C1536&ssl=1","contentUrl":"https:\/\/i0.wp.com\/www.salvestri.com\/site\/wp-content\/uploads\/2020\/11\/E6A51A84-DD29-4F8E-BA3C-A0B26EF09169.jpeg?fit=2048%2C1536&ssl=1","width":2048,"height":1536},{"@type":"BreadcrumbList","@id":"https:\/\/www.salvestri.com\/site\/index.php\/produit\/pull-100-laine-berthe-aux-grands-pieds\/#breadcrumb","itemListElement":[{"@type":"ListItem","position":1,"name":"Accueil","item":"https:\/\/www.salvestri.com\/site\/"},{"@type":"ListItem","position":2,"name":"Shop","item":"https:\/\/www.salvestri.com\/site\/index.php\/3669a-shop\/"},{"@type":"ListItem","position":3,"name":"Pull 100% laine Berthe aux grands pieds"}]},{"@type":"WebSite","@id":"https:\/\/www.salvestri.com\/site\/#website","url":"https:\/\/www.salvestri.com\/site\/","name":"V\u00eatements SALVESTRI Francois","description":"Le V\u00eatement \u00c9l\u00e9gant","potentialAction":[{"@type":"SearchAction","target":{"@type":"EntryPoint","urlTemplate":"https:\/\/www.salvestri.com\/site\/?s={search_term_string}"},"query-input":{"@type":"PropertyValueSpecification","valueRequired":true,"valueName":"search_term_string"}}],"inLanguage":"fr-FR"}]}},"jetpack_publicize_connections":[],"jetpack_sharing_enabled":true,"jetpack_likes_enabled":false,"_links":{"self":[{"href":"https:\/\/www.salvestri.com\/site\/index.php\/wp-json\/wp\/v2\/product\/393","targetHints":{"allow":["GET"]}}],"collection":[{"href":"https:\/\/www.salvestri.com\/site\/index.php\/wp-json\/wp\/v2\/product"}],"about":[{"href":"https:\/\/www.salvestri.com\/site\/index.php\/wp-json\/wp\/v2\/types\/product"}],"replies":[{"embeddable":true,"href":"https:\/\/www.salvestri.com\/site\/index.php\/wp-json\/wp\/v2\/comments?post=393"}],"wp:featuredmedia":[{"embeddable":true,"href":"https:\/\/www.salvestri.com\/site\/index.php\/wp-json\/wp\/v2\/media\/389"}],"wp:attachment":[{"href":"https:\/\/www.salvestri.com\/site\/index.php\/wp-json\/wp\/v2\/media?parent=393"}],"wp:term":[{"taxonomy":"product_brand","embeddable":true,"href":"https:\/\/www.salvestri.com\/site\/index.php\/wp-json\/wp\/v2\/product_brand?post=393"},{"taxonomy":"product_cat","embeddable":true,"href":"https:\/\/www.salvestri.com\/site\/index.php\/wp-json\/wp\/v2\/product_cat?post=393"},{"taxonomy":"product_tag","embeddable":true,"href":"https:\/\/www.salvestri.com\/site\/index.php\/wp-json\/wp\/v2\/product_tag?post=393"}],"curies":[{"name":"wp","href":"https:\/\/api.w.org\/{rel}","templated":true}]}}