{"id":362,"date":"2020-11-08T15:40:25","date_gmt":"2020-11-08T14:40:25","guid":{"rendered":"https:\/\/www.salvestri.com\/site\/?post_type=product&#038;p=362"},"modified":"2020-11-08T23:45:16","modified_gmt":"2020-11-08T22:45:16","slug":"sherpa-sweat-fourre-zippe","status":"publish","type":"product","link":"https:\/\/www.salvestri.com\/site\/index.php\/produit\/sherpa-sweat-fourre-zippe\/","title":{"rendered":"Sherpa, sweat fourr\u00e9 zipp\u00e9"},"content":{"rendered":"<p><img data-recalc-dims=\"1\" fetchpriority=\"high\" decoding=\"async\" class=\"alignnone size-medium wp-image-363\" src=\"https:\/\/i0.wp.com\/www.salvestri.com\/site\/wp-content\/uploads\/2020\/11\/A870C6CB-E28B-40E3-A64D-7047B4302A5A.jpeg?resize=225%2C300&#038;ssl=1\" alt=\"\" width=\"225\" height=\"300\" srcset=\"https:\/\/i0.wp.com\/www.salvestri.com\/site\/wp-content\/uploads\/2020\/11\/A870C6CB-E28B-40E3-A64D-7047B4302A5A-scaled.jpeg?resize=225%2C300&amp;ssl=1 225w, https:\/\/i0.wp.com\/www.salvestri.com\/site\/wp-content\/uploads\/2020\/11\/A870C6CB-E28B-40E3-A64D-7047B4302A5A-scaled.jpeg?resize=768%2C1024&amp;ssl=1 768w, https:\/\/i0.wp.com\/www.salvestri.com\/site\/wp-content\/uploads\/2020\/11\/A870C6CB-E28B-40E3-A64D-7047B4302A5A-scaled.jpeg?resize=1152%2C1536&amp;ssl=1 1152w, https:\/\/i0.wp.com\/www.salvestri.com\/site\/wp-content\/uploads\/2020\/11\/A870C6CB-E28B-40E3-A64D-7047B4302A5A-scaled.jpeg?resize=1536%2C2048&amp;ssl=1 1536w, https:\/\/i0.wp.com\/www.salvestri.com\/site\/wp-content\/uploads\/2020\/11\/A870C6CB-E28B-40E3-A64D-7047B4302A5A-scaled.jpeg?resize=600%2C800&amp;ssl=1 600w, https:\/\/i0.wp.com\/www.salvestri.com\/site\/wp-content\/uploads\/2020\/11\/A870C6CB-E28B-40E3-A64D-7047B4302A5A-scaled.jpeg?w=1920&amp;ssl=1 1920w\" sizes=\"(max-width: 225px) 100vw, 225px\" \/><\/p>\n","protected":false},"excerpt":{"rendered":"","protected":false},"featured_media":363,"comment_status":"open","ping_status":"closed","template":"","meta":{"neve_meta_sidebar":"","neve_meta_container":"","neve_meta_enable_content_width":"off","neve_meta_content_width":0,"neve_meta_title_alignment":"","neve_meta_author_avatar":"","neve_post_elements_order":"","neve_meta_disable_header":"","neve_meta_disable_footer":"","neve_meta_disable_title":"","jetpack_publicize_message":"","jetpack_publicize_feature_enabled":true,"jetpack_social_post_already_shared":false,"jetpack_social_options":{"image_generator_settings":{"template":"highway","default_image_id":0,"font":"","enabled":false},"version":2}},"product_brand":[],"product_cat":[38,37,26],"product_tag":[],"class_list":{"0":"post-362","1":"product","2":"type-product","3":"status-publish","4":"has-post-thumbnail","6":"product_cat-femme","7":"product_cat-homme","8":"product_cat-sweat","10":"first","11":"instock","12":"taxable","13":"shipping-taxable","14":"purchasable","15":"product-type-simple"},"yoast_head":"<!-- This site is optimized with the Yoast SEO plugin v27.4 - https:\/\/yoast.com\/product\/yoast-seo-wordpress\/ -->\n<title>Sherpa, sweat fourr\u00e9 zipp\u00e9 - V\u00eatements SALVESTRI Francois<\/title>\n<meta name=\"robots\" content=\"index, follow, max-snippet:-1, max-image-preview:large, max-video-preview:-1\" \/>\n<link rel=\"canonical\" href=\"https:\/\/www.salvestri.com\/site\/index.php\/produit\/sherpa-sweat-fourre-zippe\/\" \/>\n<meta property=\"og:locale\" content=\"fr_FR\" \/>\n<meta property=\"og:type\" content=\"article\" \/>\n<meta property=\"og:title\" content=\"Sherpa, sweat fourr\u00e9 zipp\u00e9 - V\u00eatements SALVESTRI Francois\" \/>\n<meta property=\"og:url\" content=\"https:\/\/www.salvestri.com\/site\/index.php\/produit\/sherpa-sweat-fourre-zippe\/\" \/>\n<meta property=\"og:site_name\" content=\"V\u00eatements SALVESTRI Francois\" \/>\n<meta property=\"article:modified_time\" content=\"2020-11-08T22:45:16+00:00\" \/>\n<meta property=\"og:image\" content=\"https:\/\/i0.wp.com\/www.salvestri.com\/site\/wp-content\/uploads\/2020\/11\/A870C6CB-E28B-40E3-A64D-7047B4302A5A-scaled.jpeg?fit=1920%2C2560&ssl=1\" \/>\n\t<meta property=\"og:image:width\" content=\"1920\" \/>\n\t<meta property=\"og:image:height\" content=\"2560\" \/>\n\t<meta property=\"og:image:type\" content=\"image\/jpeg\" \/>\n<meta name=\"twitter:card\" content=\"summary_large_image\" \/>\n<script type=\"application\/ld+json\" class=\"yoast-schema-graph\">{\"@context\":\"https:\\\/\\\/schema.org\",\"@graph\":[{\"@type\":\"WebPage\",\"@id\":\"https:\\\/\\\/www.salvestri.com\\\/site\\\/index.php\\\/produit\\\/sherpa-sweat-fourre-zippe\\\/\",\"url\":\"https:\\\/\\\/www.salvestri.com\\\/site\\\/index.php\\\/produit\\\/sherpa-sweat-fourre-zippe\\\/\",\"name\":\"Sherpa, sweat fourr\u00e9 zipp\u00e9 - V\u00eatements SALVESTRI Francois\",\"isPartOf\":{\"@id\":\"https:\\\/\\\/www.salvestri.com\\\/site\\\/#website\"},\"primaryImageOfPage\":{\"@id\":\"https:\\\/\\\/www.salvestri.com\\\/site\\\/index.php\\\/produit\\\/sherpa-sweat-fourre-zippe\\\/#primaryimage\"},\"image\":{\"@id\":\"https:\\\/\\\/www.salvestri.com\\\/site\\\/index.php\\\/produit\\\/sherpa-sweat-fourre-zippe\\\/#primaryimage\"},\"thumbnailUrl\":\"https:\\\/\\\/i0.wp.com\\\/www.salvestri.com\\\/site\\\/wp-content\\\/uploads\\\/2020\\\/11\\\/A870C6CB-E28B-40E3-A64D-7047B4302A5A-scaled.jpeg?fit=1920%2C2560&ssl=1\",\"datePublished\":\"2020-11-08T14:40:25+00:00\",\"dateModified\":\"2020-11-08T22:45:16+00:00\",\"breadcrumb\":{\"@id\":\"https:\\\/\\\/www.salvestri.com\\\/site\\\/index.php\\\/produit\\\/sherpa-sweat-fourre-zippe\\\/#breadcrumb\"},\"inLanguage\":\"fr-FR\",\"potentialAction\":[{\"@type\":\"ReadAction\",\"target\":[\"https:\\\/\\\/www.salvestri.com\\\/site\\\/index.php\\\/produit\\\/sherpa-sweat-fourre-zippe\\\/\"]}]},{\"@type\":\"ImageObject\",\"inLanguage\":\"fr-FR\",\"@id\":\"https:\\\/\\\/www.salvestri.com\\\/site\\\/index.php\\\/produit\\\/sherpa-sweat-fourre-zippe\\\/#primaryimage\",\"url\":\"https:\\\/\\\/i0.wp.com\\\/www.salvestri.com\\\/site\\\/wp-content\\\/uploads\\\/2020\\\/11\\\/A870C6CB-E28B-40E3-A64D-7047B4302A5A-scaled.jpeg?fit=1920%2C2560&ssl=1\",\"contentUrl\":\"https:\\\/\\\/i0.wp.com\\\/www.salvestri.com\\\/site\\\/wp-content\\\/uploads\\\/2020\\\/11\\\/A870C6CB-E28B-40E3-A64D-7047B4302A5A-scaled.jpeg?fit=1920%2C2560&ssl=1\",\"width\":1920,\"height\":2560},{\"@type\":\"BreadcrumbList\",\"@id\":\"https:\\\/\\\/www.salvestri.com\\\/site\\\/index.php\\\/produit\\\/sherpa-sweat-fourre-zippe\\\/#breadcrumb\",\"itemListElement\":[{\"@type\":\"ListItem\",\"position\":1,\"name\":\"Accueil\",\"item\":\"https:\\\/\\\/www.salvestri.com\\\/site\\\/\"},{\"@type\":\"ListItem\",\"position\":2,\"name\":\"Shop\",\"item\":\"https:\\\/\\\/www.salvestri.com\\\/site\\\/index.php\\\/3669a-shop\\\/\"},{\"@type\":\"ListItem\",\"position\":3,\"name\":\"Sherpa, sweat fourr\u00e9 zipp\u00e9\"}]},{\"@type\":\"WebSite\",\"@id\":\"https:\\\/\\\/www.salvestri.com\\\/site\\\/#website\",\"url\":\"https:\\\/\\\/www.salvestri.com\\\/site\\\/\",\"name\":\"V\u00eatements SALVESTRI Francois\",\"description\":\"Le V\u00eatement \u00c9l\u00e9gant\",\"potentialAction\":[{\"@type\":\"SearchAction\",\"target\":{\"@type\":\"EntryPoint\",\"urlTemplate\":\"https:\\\/\\\/www.salvestri.com\\\/site\\\/?s={search_term_string}\"},\"query-input\":{\"@type\":\"PropertyValueSpecification\",\"valueRequired\":true,\"valueName\":\"search_term_string\"}}],\"inLanguage\":\"fr-FR\"}]}<\/script>\n<!-- \/ Yoast SEO plugin. -->","yoast_head_json":{"title":"Sherpa, sweat fourr\u00e9 zipp\u00e9 - V\u00eatements SALVESTRI Francois","robots":{"index":"index","follow":"follow","max-snippet":"max-snippet:-1","max-image-preview":"max-image-preview:large","max-video-preview":"max-video-preview:-1"},"canonical":"https:\/\/www.salvestri.com\/site\/index.php\/produit\/sherpa-sweat-fourre-zippe\/","og_locale":"fr_FR","og_type":"article","og_title":"Sherpa, sweat fourr\u00e9 zipp\u00e9 - V\u00eatements SALVESTRI Francois","og_url":"https:\/\/www.salvestri.com\/site\/index.php\/produit\/sherpa-sweat-fourre-zippe\/","og_site_name":"V\u00eatements SALVESTRI Francois","article_modified_time":"2020-11-08T22:45:16+00:00","og_image":[{"width":1920,"height":2560,"url":"https:\/\/i0.wp.com\/www.salvestri.com\/site\/wp-content\/uploads\/2020\/11\/A870C6CB-E28B-40E3-A64D-7047B4302A5A-scaled.jpeg?fit=1920%2C2560&ssl=1","type":"image\/jpeg"}],"twitter_card":"summary_large_image","schema":{"@context":"https:\/\/schema.org","@graph":[{"@type":"WebPage","@id":"https:\/\/www.salvestri.com\/site\/index.php\/produit\/sherpa-sweat-fourre-zippe\/","url":"https:\/\/www.salvestri.com\/site\/index.php\/produit\/sherpa-sweat-fourre-zippe\/","name":"Sherpa, sweat fourr\u00e9 zipp\u00e9 - V\u00eatements SALVESTRI Francois","isPartOf":{"@id":"https:\/\/www.salvestri.com\/site\/#website"},"primaryImageOfPage":{"@id":"https:\/\/www.salvestri.com\/site\/index.php\/produit\/sherpa-sweat-fourre-zippe\/#primaryimage"},"image":{"@id":"https:\/\/www.salvestri.com\/site\/index.php\/produit\/sherpa-sweat-fourre-zippe\/#primaryimage"},"thumbnailUrl":"https:\/\/i0.wp.com\/www.salvestri.com\/site\/wp-content\/uploads\/2020\/11\/A870C6CB-E28B-40E3-A64D-7047B4302A5A-scaled.jpeg?fit=1920%2C2560&ssl=1","datePublished":"2020-11-08T14:40:25+00:00","dateModified":"2020-11-08T22:45:16+00:00","breadcrumb":{"@id":"https:\/\/www.salvestri.com\/site\/index.php\/produit\/sherpa-sweat-fourre-zippe\/#breadcrumb"},"inLanguage":"fr-FR","potentialAction":[{"@type":"ReadAction","target":["https:\/\/www.salvestri.com\/site\/index.php\/produit\/sherpa-sweat-fourre-zippe\/"]}]},{"@type":"ImageObject","inLanguage":"fr-FR","@id":"https:\/\/www.salvestri.com\/site\/index.php\/produit\/sherpa-sweat-fourre-zippe\/#primaryimage","url":"https:\/\/i0.wp.com\/www.salvestri.com\/site\/wp-content\/uploads\/2020\/11\/A870C6CB-E28B-40E3-A64D-7047B4302A5A-scaled.jpeg?fit=1920%2C2560&ssl=1","contentUrl":"https:\/\/i0.wp.com\/www.salvestri.com\/site\/wp-content\/uploads\/2020\/11\/A870C6CB-E28B-40E3-A64D-7047B4302A5A-scaled.jpeg?fit=1920%2C2560&ssl=1","width":1920,"height":2560},{"@type":"BreadcrumbList","@id":"https:\/\/www.salvestri.com\/site\/index.php\/produit\/sherpa-sweat-fourre-zippe\/#breadcrumb","itemListElement":[{"@type":"ListItem","position":1,"name":"Accueil","item":"https:\/\/www.salvestri.com\/site\/"},{"@type":"ListItem","position":2,"name":"Shop","item":"https:\/\/www.salvestri.com\/site\/index.php\/3669a-shop\/"},{"@type":"ListItem","position":3,"name":"Sherpa, sweat fourr\u00e9 zipp\u00e9"}]},{"@type":"WebSite","@id":"https:\/\/www.salvestri.com\/site\/#website","url":"https:\/\/www.salvestri.com\/site\/","name":"V\u00eatements SALVESTRI Francois","description":"Le V\u00eatement \u00c9l\u00e9gant","potentialAction":[{"@type":"SearchAction","target":{"@type":"EntryPoint","urlTemplate":"https:\/\/www.salvestri.com\/site\/?s={search_term_string}"},"query-input":{"@type":"PropertyValueSpecification","valueRequired":true,"valueName":"search_term_string"}}],"inLanguage":"fr-FR"}]}},"jetpack_publicize_connections":[],"jetpack_sharing_enabled":true,"jetpack_likes_enabled":false,"_links":{"self":[{"href":"https:\/\/www.salvestri.com\/site\/index.php\/wp-json\/wp\/v2\/product\/362","targetHints":{"allow":["GET"]}}],"collection":[{"href":"https:\/\/www.salvestri.com\/site\/index.php\/wp-json\/wp\/v2\/product"}],"about":[{"href":"https:\/\/www.salvestri.com\/site\/index.php\/wp-json\/wp\/v2\/types\/product"}],"replies":[{"embeddable":true,"href":"https:\/\/www.salvestri.com\/site\/index.php\/wp-json\/wp\/v2\/comments?post=362"}],"wp:featuredmedia":[{"embeddable":true,"href":"https:\/\/www.salvestri.com\/site\/index.php\/wp-json\/wp\/v2\/media\/363"}],"wp:attachment":[{"href":"https:\/\/www.salvestri.com\/site\/index.php\/wp-json\/wp\/v2\/media?parent=362"}],"wp:term":[{"taxonomy":"product_brand","embeddable":true,"href":"https:\/\/www.salvestri.com\/site\/index.php\/wp-json\/wp\/v2\/product_brand?post=362"},{"taxonomy":"product_cat","embeddable":true,"href":"https:\/\/www.salvestri.com\/site\/index.php\/wp-json\/wp\/v2\/product_cat?post=362"},{"taxonomy":"product_tag","embeddable":true,"href":"https:\/\/www.salvestri.com\/site\/index.php\/wp-json\/wp\/v2\/product_tag?post=362"}],"curies":[{"name":"wp","href":"https:\/\/api.w.org\/{rel}","templated":true}]}}